{"id":729,"date":"2016-02-23T11:58:09","date_gmt":"2016-02-23T10:58:09","guid":{"rendered":"http:\/\/www.truckxgroup.de\/fahrzeugbau-schierling\/?page_id=729"},"modified":"2023-10-20T10:36:41","modified_gmt":"2023-10-20T08:36:41","slug":"elektrik-elektronik","status":"publish","type":"page","link":"https:\/\/www.truckxxgroup.de\/fahrzeugbau-schierling\/elektrik-elektronik\/","title":{"rendered":"Elektrik &#038; Elektronik"},"content":{"rendered":"<div class=\"wpb-content-wrapper\"><p>[vc_row][vc_column width=&#8221;2\/3&#8243;][vc_column_text]<\/p>\n<h3>Service im Bereich Nutzfahrzeugelektronik<\/h3>\n<p>Durch die immer umfangreicher und anspruchsvoller werdenden Systeme, die im Bereich der Elektrik \/ Elektronik in NFZ, Bus, Anh\u00e4nger\/Auflieger und Spezialaufbauten zum Einsatz kommen, steht in unserem Unternehmen eine eigens eingerichtete Abteilung Elektrik mit angeschlossenem B\u00fcro zur Verf\u00fcgung.<\/p>\n<p>Drei bestens und regelm\u00e4\u00dfig geschulte Mitarbeiter stehen zur Verf\u00fcgung um alle Anforderungen dieses Bereiches abzudecken und Ihre konkreten W\u00fcnsche zu erf\u00fcllen. Die Ausr\u00fcstung derAbteilung befindet sich auf hohem technischen Niveau und wird regelm\u00e4\u00dfig auf den neuesten Stand der Technik gebracht.<\/p>\n<p>Dazu geh\u00f6ren neben umfangreicher Pr\u00fcfsoftware und Diagnoseeinrichtungen, mehrere mobile Diagnose-Computer welche durch regelm\u00e4\u00dfige Updates ebenfalls immer auf dem neusten Stand gehalten werden.[\/vc_column_text][vc_column_text]<img loading=\"lazy\" decoding=\"async\" class=\"alignnone wp-image-736 size-full\" src=\"https:\/\/www.truckxxgroup.de\/fahrzeugbau-schierling\/wp-content\/uploads\/sites\/5\/2016\/02\/elektronik-service-reparatur-diagnose-bus-lkw-hameln.jpg\" alt=\"Service Diagnose und Reparatur f\u00fcr Nutzfahrzeugelektronik LKW und BUS\" width=\"1284\" height=\"281\" srcset=\"https:\/\/www.truckxxgroup.de\/fahrzeugbau-schierling\/wp-content\/uploads\/sites\/5\/2016\/02\/elektronik-service-reparatur-diagnose-bus-lkw-hameln.jpg 1284w, https:\/\/www.truckxxgroup.de\/fahrzeugbau-schierling\/wp-content\/uploads\/sites\/5\/2016\/02\/elektronik-service-reparatur-diagnose-bus-lkw-hameln-300x66.jpg 300w, https:\/\/www.truckxxgroup.de\/fahrzeugbau-schierling\/wp-content\/uploads\/sites\/5\/2016\/02\/elektronik-service-reparatur-diagnose-bus-lkw-hameln-1024x224.jpg 1024w\" sizes=\"auto, (max-width: 1284px) 100vw, 1284px\" \/>[\/vc_column_text][\/vc_column][vc_column width=&#8221;1\/3&#8243;][vc_single_image image=&#8221;744&#8243; img_size=&#8221;full&#8221; alignment=&#8221;center&#8221; style=&#8221;vc_box_shadow_3d&#8221;][vc_message color=&#8221;info&#8221; css_animation=&#8221;appear&#8221;]<strong>Batterie- &amp; Lichtmaschinenpr\u00fcfung<br \/>\n<\/strong>Mit unseren Pr\u00fcf- und Diagnoseger\u00e4ten erhalten Sie von uns eine zuverl\u00e4ssige Aussage \u00fcber den Zustand ihrer Batterie und Lichtmaschine. Auf Wunsch pr\u00fcfen wir beides bei Ihrem Fahrzeug.[\/vc_message][\/vc_column][\/vc_row][vc_row][vc_column][vc_column_text]<\/p>\n<h3>Leistungen Elektrik\/Elektronik:<\/h3>\n<p>[\/vc_column_text][\/vc_column][\/vc_row][vc_row][vc_column width=&#8221;1\/3&#8243;][vc_column_text]<strong>Diagnose und Reparatur der elektrischen Systeme unserer Partner:<\/strong>[\/vc_column_text][vc_column_text]<\/p>\n<ul>\n<li>MAN<\/li>\n<li>MAN \/ Neoplan Busse<\/li>\n<li>Wabco<\/li>\n<\/ul>\n<p>[\/vc_column_text][vc_column_text css=&#8221;.vc_custom_1456227416621{margin-top: 30px !important;}&#8221;]<strong>Au\u00dferdem:<\/strong>[\/vc_column_text][vc_column_text]<\/p>\n<ul>\n<li>EBS und ABS<\/li>\n<li>Ecas und ELM Luftfederanlagen<\/li>\n<li>Klimasteuerungen<\/li>\n<li>T\u00fcrsteuerungen<\/li>\n<li>Heizungssteuerung<\/li>\n<li>Komfortelektronik und Zubeh\u00f6r<\/li>\n<\/ul>\n<p>[\/vc_column_text][\/vc_column][vc_column width=&#8221;1\/3&#8243;][vc_column_text]<strong>Diagnose, Reparatur und Einbau von Standheizungen der Fabrikate:<\/strong>[\/vc_column_text][vc_column_text]<\/p>\n<ul>\n<li>Ebersp\u00e4cher<\/li>\n<li>Webasto<\/li>\n<li>Truma<\/li>\n<\/ul>\n<p>[\/vc_column_text][vc_column_text css=&#8221;.vc_custom_1456227260437{margin-top: 30px !important;}&#8221;]<strong>Service f\u00fcr Ladebordw\u00e4nde:<\/strong>[\/vc_column_text][vc_column_text]<\/p>\n<ul>\n<li>B\u00e4r-Service<\/li>\n<li>MBB-Service<\/li>\n<\/ul>\n<p>[\/vc_column_text][\/vc_column][vc_column width=&#8221;1\/3&#8243;][vc_column_text]<strong>Einbau nach Ihren Vorgaben:<\/strong>[\/vc_column_text][vc_column_text]<\/p>\n<ul>\n<li>Telefon Festeinbau und Freisprechanlagen<\/li>\n<li>Radio<\/li>\n<li>Betriebs und CB-Funk<\/li>\n<li>Navigationssysteme<\/li>\n<\/ul>\n<p>[\/vc_column_text][\/vc_column][\/vc_row]<\/p>\n<\/div>","protected":false},"excerpt":{"rendered":"<p>[vc_row][vc_column width=&#8221;2\/3&#8243;][vc_column_text] Service im Bereich Nutzfahrzeugelektronik Durch die immer umfangreicher und anspruchsvoller werdenden Systeme, die im Bereich der Elektrik \/ Elektronik in NFZ, Bus, Anh\u00e4nger\/Auflieger und Spezialaufbauten zum Einsatz kommen, steht in unserem Unternehmen eine eigens eingerichtete Abteilung Elektrik mit angeschlossenem B\u00fcro zur Verf\u00fcgung. Drei bestens und regelm\u00e4\u00dfig geschulte Mitarbeiter stehen zur Verf\u00fcgung um alle&hellip;<\/p>\n","protected":false},"author":2,"featured_media":0,"parent":0,"menu_order":0,"comment_status":"closed","ping_status":"closed","template":"","meta":{"footnotes":""},"class_list":["post-729","page","type-page","status-publish","hentry","description-off"],"_links":{"self":[{"href":"https:\/\/www.truckxxgroup.de\/fahrzeugbau-schierling\/wp-json\/wp\/v2\/pages\/729","targetHints":{"allow":["GET"]}}],"collection":[{"href":"https:\/\/www.truckxxgroup.de\/fahrzeugbau-schierling\/wp-json\/wp\/v2\/pages"}],"about":[{"href":"https:\/\/www.truckxxgroup.de\/fahrzeugbau-schierling\/wp-json\/wp\/v2\/types\/page"}],"author":[{"embeddable":true,"href":"https:\/\/www.truckxxgroup.de\/fahrzeugbau-schierling\/wp-json\/wp\/v2\/users\/2"}],"replies":[{"embeddable":true,"href":"https:\/\/www.truckxxgroup.de\/fahrzeugbau-schierling\/wp-json\/wp\/v2\/comments?post=729"}],"version-history":[{"count":26,"href":"https:\/\/www.truckxxgroup.de\/fahrzeugbau-schierling\/wp-json\/wp\/v2\/pages\/729\/revisions"}],"predecessor-version":[{"id":1073,"href":"https:\/\/www.truckxxgroup.de\/fahrzeugbau-schierling\/wp-json\/wp\/v2\/pages\/729\/revisions\/1073"}],"wp:attachment":[{"href":"https:\/\/www.truckxxgroup.de\/fahrzeugbau-schierling\/wp-json\/wp\/v2\/media?parent=729"}],"curies":[{"name":"wp","href":"https:\/\/api.w.org\/{rel}","templated":true}]}}