{"id":706,"date":"2016-02-22T14:29:17","date_gmt":"2016-02-22T13:29:17","guid":{"rendered":"http:\/\/www.truckxgroup.de\/fahrzeugbau-schierling\/?page_id=706"},"modified":"2023-10-20T10:35:17","modified_gmt":"2023-10-20T08:35:17","slug":"fahrzeugbau-hameln","status":"publish","type":"page","link":"https:\/\/www.truckxxgroup.de\/fahrzeugbau-schierling\/fahrzeugbau-hameln\/","title":{"rendered":"Fahrzeugbau"},"content":{"rendered":"<div class=\"wpb-content-wrapper\"><p>[vc_row][vc_column width=&#8221;2\/3&#8243;][vc_column_text]<\/p>\n<h3>Fahrzeugbau in Hameln<\/h3>\n<p><strong>Vom Rohmaterial bis zum Endprodukt!<\/strong><\/p>\n<p>Durch die \u00fcber 100-j\u00e4hrige Tradition unseres Unternehmens im Fahrzeugbau sind wir in der Lage, unseren Kunden einen auf seine W\u00fcnsche und Bed\u00fcrfnisse ma\u00dfgeschneiderten Aufbau liefern zu k\u00f6nnen. Spezielle Details oder auch Sonderaufbauten sind f\u00fcr uns kein Problem.<\/p>\n<p>Insbesondere werden z.B. die Kurz- und Langholzaufbauten bei uns in gewissenhafter, hochwertiger Handarbeit mit fachbezogenem Personal hergestellt.<br \/>\nInstandsetzungen, sowie Richtarbeiten durch neuestes Laser -Rahmenrichtsystem mit Achsvermessung sind 100%ig m\u00f6glich.[\/vc_column_text][vc_column_text]<img loading=\"lazy\" decoding=\"async\" class=\"size-full wp-image-708 aligncenter\" src=\"https:\/\/www.truckxxgroup.de\/fahrzeugbau-schierling\/wp-content\/uploads\/sites\/5\/2016\/02\/fahrzeugbau-aufbauten-kranaufbau.jpg\" alt=\"Fahrzeugbau Hameln\" width=\"1284\" height=\"281\" srcset=\"https:\/\/www.truckxxgroup.de\/fahrzeugbau-schierling\/wp-content\/uploads\/sites\/5\/2016\/02\/fahrzeugbau-aufbauten-kranaufbau.jpg 1284w, https:\/\/www.truckxxgroup.de\/fahrzeugbau-schierling\/wp-content\/uploads\/sites\/5\/2016\/02\/fahrzeugbau-aufbauten-kranaufbau-300x66.jpg 300w, https:\/\/www.truckxxgroup.de\/fahrzeugbau-schierling\/wp-content\/uploads\/sites\/5\/2016\/02\/fahrzeugbau-aufbauten-kranaufbau-1024x224.jpg 1024w\" sizes=\"auto, (max-width: 1284px) 100vw, 1284px\" \/>[\/vc_column_text][\/vc_column][vc_column width=&#8221;1\/3&#8243;][vc_column_text]<\/p>\n<h3>Fahrzeugbau Portfolio:<\/h3>\n<p>[\/vc_column_text][vc_column_text]<\/p>\n<ul>\n<li>Kurzholztransportaufbau<\/li>\n<li>Langholztransportaufbau<\/li>\n<li>Schiebeplanenaufbau<\/li>\n<li>Pritschenaufbau<\/li>\n<li>Wechselrahmenaufbau (auch in Tiefbauweise)<\/li>\n<li>Anbau von Ladebordw\u00e4nden<\/li>\n<li><a href=\"https:\/\/www.truckxxgroup.de\/fahrzeugbau-schierling\/ladekranaufbauten\/\">Aufbau von Ladekranen<\/a><\/li>\n<li>Abroller<\/li>\n<li>Absetzer<\/li>\n<\/ul>\n<p>[\/vc_column_text][\/vc_column][\/vc_row][vc_row][vc_column][vc_column_text]<\/p>\n<h3>Fahrzeugbau Referenzen<\/h3>\n<p>[\/vc_column_text][vc_basic_grid post_type=&#8221;post&#8221; max_items=&#8221;-1&#8243; grid_id=&#8221;vc_gid:1697790906521-3090238a-315d-4&#8243; taxonomies=&#8221;8&#8243;][\/vc_column][\/vc_row]<\/p>\n<\/div>","protected":false},"excerpt":{"rendered":"<p>[vc_row][vc_column width=&#8221;2\/3&#8243;][vc_column_text] Fahrzeugbau in Hameln Vom Rohmaterial bis zum Endprodukt! Durch die \u00fcber 100-j\u00e4hrige Tradition unseres Unternehmens im Fahrzeugbau sind wir in der Lage, unseren Kunden einen auf seine W\u00fcnsche und Bed\u00fcrfnisse ma\u00dfgeschneiderten Aufbau liefern zu k\u00f6nnen. Spezielle Details oder auch Sonderaufbauten sind f\u00fcr uns kein Problem. Insbesondere werden z.B. die Kurz- und Langholzaufbauten bei&hellip;<\/p>\n","protected":false},"author":2,"featured_media":0,"parent":0,"menu_order":0,"comment_status":"closed","ping_status":"closed","template":"","meta":{"footnotes":""},"class_list":["post-706","page","type-page","status-publish","hentry","description-off"],"_links":{"self":[{"href":"https:\/\/www.truckxxgroup.de\/fahrzeugbau-schierling\/wp-json\/wp\/v2\/pages\/706","targetHints":{"allow":["GET"]}}],"collection":[{"href":"https:\/\/www.truckxxgroup.de\/fahrzeugbau-schierling\/wp-json\/wp\/v2\/pages"}],"about":[{"href":"https:\/\/www.truckxxgroup.de\/fahrzeugbau-schierling\/wp-json\/wp\/v2\/types\/page"}],"author":[{"embeddable":true,"href":"https:\/\/www.truckxxgroup.de\/fahrzeugbau-schierling\/wp-json\/wp\/v2\/users\/2"}],"replies":[{"embeddable":true,"href":"https:\/\/www.truckxxgroup.de\/fahrzeugbau-schierling\/wp-json\/wp\/v2\/comments?post=706"}],"version-history":[{"count":14,"href":"https:\/\/www.truckxxgroup.de\/fahrzeugbau-schierling\/wp-json\/wp\/v2\/pages\/706\/revisions"}],"predecessor-version":[{"id":11572,"href":"https:\/\/www.truckxxgroup.de\/fahrzeugbau-schierling\/wp-json\/wp\/v2\/pages\/706\/revisions\/11572"}],"wp:attachment":[{"href":"https:\/\/www.truckxxgroup.de\/fahrzeugbau-schierling\/wp-json\/wp\/v2\/media?parent=706"}],"curies":[{"name":"wp","href":"https:\/\/api.w.org\/{rel}","templated":true}]}}