{"id":629,"date":"2016-02-15T13:25:49","date_gmt":"2016-02-15T12:25:49","guid":{"rendered":"http:\/\/www.truckxgroup.de\/fahrzeugbau-schierling\/?page_id=629"},"modified":"2023-10-20T10:37:28","modified_gmt":"2023-10-20T08:37:28","slug":"bus-service","status":"publish","type":"page","link":"https:\/\/www.truckxxgroup.de\/fahrzeugbau-schierling\/bus-service\/","title":{"rendered":"Bus-Service"},"content":{"rendered":"<div class=\"wpb-content-wrapper\"><p>[vc_row][vc_column][vc_column_text]<\/p>\n<h3 style=\"text-align: center;\">Fahrzeugbau Schierling GmbH &#8211; Bus-Service vom Spezialisten<\/h3>\n<p style=\"text-align: center;\">Durch unsere 20-j\u00e4hrige Buserfahrung und hohe Flexibilit\u00e4t sind wir Ihr Ansprechpartner f\u00fcr eine schnelle L\u00f6sung von Problemen. Wir sind Vertragspartner der Marken MAN, NEOPLAN sowie Solaris und f\u00fchren auch <strong>Reparaturen sowie Wartungen an Omnibussen aller Fabrikate<\/strong> durch.<\/p>\n<p>[\/vc_column_text][vc_separator][\/vc_column][\/vc_row][vc_row][vc_column][vc_column_text css_animation=&#8221;left-to-right&#8221;]<\/p>\n<h3>Bus-Service f\u00fcr alle Fabrikate<\/h3>\n<p>[\/vc_column_text][\/vc_column][\/vc_row][vc_row][vc_column width=&#8221;2\/3&#8243;][vc_column_text]Die hohe Zuverl\u00e4ssigkeit Ihrer Busse ist der vielleicht wichtigste Grund f\u00fcr Ihren Erfolg. Wir sind den immer h\u00f6her werdenden Anforderungen an den Reise- und Linienbus gewachsen. Schulungen auf allen Bauteilen sowie entsprechende Werkstattausr\u00fcstungen einschlie\u00dflich EDV-Unterst\u00fctzung sind der Garant f\u00fcr eine schnelle L\u00f6sung von Problemen.<\/p>\n<p><strong>Wir haben Erfahrung mit:<\/strong><\/p>\n<ul>\n<li>Konvektor &#8211; Klimaanlagen und Steuerungen<\/li>\n<li>Wabco &#8211; T\u00fcrsteuerungen<\/li>\n<li>Kikert und Bode T\u00fcranlagen<\/li>\n<li>Frenzel Einbauk\u00fcchen und K\u00fchlschr\u00e4nke<\/li>\n<li>Vogel und Kiel Bestuhlungen<\/li>\n<li>Lackierungen und Beschriftungen<\/li>\n<li>Scheibenservice<\/li>\n<li>Stand- und Zusatzheizungen<\/li>\n<li>Gelenkbusspezialisierung<\/li>\n<li>Instandsetzung und Reinigung von Teppichb\u00f6den, Verkleidungen und Bestuhlungen<\/li>\n<\/ul>\n<p>[\/vc_column_text][\/vc_column][vc_column width=&#8221;1\/3&#8243;][vc_gallery type=&#8221;nivo&#8221; interval=&#8221;3&#8243; images=&#8221;663,664,686&#8243; img_size=&#8221;full&#8221; onclick=&#8221;&#8221;][\/vc_column][\/vc_row][vc_row][vc_column][vc_single_image image=&#8221;661&#8243; img_size=&#8221;full&#8221; alignment=&#8221;center&#8221; style=&#8221;vc_box_shadow_3d&#8221;][\/vc_column][\/vc_row][vc_row][vc_column][vc_column_text css_animation=&#8221;left-to-right&#8221;]<\/p>\n<h3>Unsere Dienstleistungen f\u00fcr Busse \/ Omnibusse<\/h3>\n<p>[\/vc_column_text][\/vc_column][\/vc_row][vc_row][vc_column width=&#8221;1\/3&#8243;][vc_column_text css=&#8221;.vc_custom_1455535545387{border-top-width: 0px !important;border-right-width: 0px !important;border-bottom-width: 0px !important;border-left-width: 0px !important;padding-top: 5px !important;padding-right: 5px !important;padding-bottom: 5px !important;padding-left: 5px !important;border-left-color: #f2f2f2 !important;border-left-style: solid !important;border-right-color: #f2f2f2 !important;border-right-style: solid !important;border-top-color: #f2f2f2 !important;border-top-style: solid !important;border-bottom-color: #f2f2f2 !important;border-bottom-style: solid !important;}&#8221;]<\/p>\n<p style=\"text-align: center;\"><img loading=\"lazy\" decoding=\"async\" class=\"aligncenter size-full wp-image-636\" src=\"https:\/\/www.truckxxgroup.de\/fahrzeugbau-schierling\/wp-content\/uploads\/sites\/5\/2016\/02\/service-wartung-omnibusse-hameln-hannover-schaumburg.png\" alt=\"Bus-Service Hameln Truckxxgroup\" width=\"100\" height=\"100\" \/><strong>Service &amp; Wartung<\/strong><\/p>\n<p style=\"text-align: center;\">Wir stellen den reibungslosen Betrieb Ihrer Busse sicher: Inspektion und Wartung an Omnibussen f\u00fchren wir auch flexibel in den Ihnen m\u00f6glichen Zeiten durch.<\/p>\n<p>[\/vc_column_text][\/vc_column][vc_column width=&#8221;1\/3&#8243;][vc_column_text css=&#8221;.vc_custom_1455535556271{border-top-width: 0px !important;border-right-width: 0px !important;border-bottom-width: 0px !important;border-left-width: 0px !important;padding-top: 5px !important;padding-right: 5px !important;padding-bottom: 5px !important;padding-left: 5px !important;border-left-color: #f2f2f2 !important;border-left-style: solid !important;border-right-color: #f2f2f2 !important;border-right-style: solid !important;border-top-color: #f2f2f2 !important;border-top-style: solid !important;border-bottom-color: #f2f2f2 !important;border-bottom-style: solid !important;}&#8221;]<\/p>\n<p style=\"text-align: center;\"><strong><img loading=\"lazy\" decoding=\"async\" class=\"aligncenter wp-image-639 size-full\" src=\"https:\/\/www.truckxxgroup.de\/fahrzeugbau-schierling\/wp-content\/uploads\/sites\/5\/2016\/02\/unfallinstandsetzung-omnibusse-hameln.png\" alt=\"Unfallinstandsetzung f\u00fcr Busse aller Marken in Hameln\" width=\"100\" height=\"100\" \/>Unfall- und Karosserieinstandsetzung<br \/>\n<\/strong><\/p>\n<p style=\"text-align: center;\">Wir f\u00fchren f\u00fcr Sie die fachgerechte Beseitigung von Unfall- und Karosseriesch\u00e4den an Bussen aller Fabrikate sicher und termingerecht durch.<\/p>\n<p>[\/vc_column_text][\/vc_column][vc_column width=&#8221;1\/3&#8243;][vc_column_text css=&#8221;.vc_custom_1455535566599{border-top-width: 0px !important;border-right-width: 0px !important;border-bottom-width: 0px !important;border-left-width: 0px !important;padding-top: 5px !important;padding-right: 5px !important;padding-bottom: 5px !important;padding-left: 5px !important;border-left-color: #f2f2f2 !important;border-left-style: solid !important;border-right-color: #f2f2f2 !important;border-right-style: solid !important;border-top-color: #f2f2f2 !important;border-top-style: solid !important;border-bottom-color: #f2f2f2 !important;border-bottom-style: solid !important;}&#8221;]<\/p>\n<p style=\"text-align: center;\"><strong><img loading=\"lazy\" decoding=\"async\" class=\"aligncenter wp-image-642 size-full\" src=\"https:\/\/www.truckxxgroup.de\/fahrzeugbau-schierling\/wp-content\/uploads\/sites\/5\/2016\/02\/elektrikservice-omnibusse-hameln.png\" alt=\"Elektronikservice f\u00fcr Omnibusse in Hameln\" width=\"100\" height=\"100\" \/>Elektrik \/ Elektronik<br \/>\n<\/strong><\/p>\n<p style=\"text-align: center;\">Reparaturen und Diagnose an den elektrischen Systemen von Bussen aller Fabrikate.<\/p>\n<p>[\/vc_column_text][\/vc_column][\/vc_row][vc_row][vc_column width=&#8221;1\/3&#8243;][vc_column_text css=&#8221;.vc_custom_1455535625749{border-top-width: 0px !important;border-right-width: 0px !important;border-bottom-width: 0px !important;border-left-width: 0px !important;padding-top: 5px !important;padding-right: 5px !important;padding-bottom: 5px !important;padding-left: 5px !important;border-left-color: #f2f2f2 !important;border-left-style: solid !important;border-right-color: #f2f2f2 !important;border-right-style: solid !important;border-top-color: #f2f2f2 !important;border-top-style: solid !important;border-bottom-color: #f2f2f2 !important;border-bottom-style: solid !important;}&#8221;]<\/p>\n<p style=\"text-align: center;\"><img loading=\"lazy\" decoding=\"async\" class=\"aligncenter wp-image-645 size-full\" src=\"https:\/\/www.truckxxgroup.de\/fahrzeugbau-schierling\/wp-content\/uploads\/sites\/5\/2016\/02\/heizung-klimaservice-busse-neoplan-man-solaris-iveco-hameln.png\" alt=\"Heizung und Klimaservice f\u00fcr Busse in Hameln\" width=\"100\" height=\"100\" \/><strong>Heizung &amp; Klima<br \/>\n<\/strong><\/p>\n<p style=\"text-align: center;\">Wartung, Nachr\u00fcstung und Reparatur von Klimaanlagen und Standheizungen in Bussen.<\/p>\n<p>[\/vc_column_text][\/vc_column][vc_column width=&#8221;1\/3&#8243;][vc_column_text css=&#8221;.vc_custom_1455535912079{border-top-width: 0px !important;border-right-width: 0px !important;border-bottom-width: 0px !important;border-left-width: 0px !important;padding-top: 5px !important;padding-right: 5px !important;padding-bottom: 5px !important;padding-left: 5px !important;border-left-color: #f2f2f2 !important;border-left-style: solid !important;border-right-color: #f2f2f2 !important;border-right-style: solid !important;border-top-color: #f2f2f2 !important;border-top-style: solid !important;border-bottom-color: #f2f2f2 !important;border-bottom-style: solid !important;}&#8221;]<\/p>\n<p style=\"text-align: center;\"><strong><img loading=\"lazy\" decoding=\"async\" class=\"aligncenter wp-image-655 size-full\" src=\"https:\/\/www.truckxxgroup.de\/fahrzeugbau-schierling\/wp-content\/uploads\/sites\/5\/2016\/02\/tueren-wartung-service-omnibuss.png\" alt=\"Bus T\u00fcren Service\" width=\"100\" height=\"100\" \/>T\u00fcren<br \/>\n<\/strong><\/p>\n<p style=\"text-align: center;\">An Au\u00dfen- und Innenschwingt\u00fcren von Bussen aller Fabrikate f\u00fchren wir Diagnose, Reparaturen und Wartung durch.<\/p>\n<p>[\/vc_column_text][\/vc_column][vc_column width=&#8221;1\/3&#8243;][vc_column_text css=&#8221;.vc_custom_1455536113992{border-top-width: 0px !important;border-right-width: 0px !important;border-bottom-width: 0px !important;border-left-width: 0px !important;padding-top: 5px !important;padding-right: 5px !important;padding-bottom: 5px !important;padding-left: 5px !important;border-left-color: #f2f2f2 !important;border-left-style: solid !important;border-right-color: #f2f2f2 !important;border-right-style: solid !important;border-top-color: #f2f2f2 !important;border-top-style: solid !important;border-bottom-color: #f2f2f2 !important;border-bottom-style: solid !important;}&#8221;]<\/p>\n<p style=\"text-align: center;\"><strong><img loading=\"lazy\" decoding=\"async\" class=\"aligncenter wp-image-658 size-full\" src=\"https:\/\/www.truckxxgroup.de\/fahrzeugbau-schierling\/wp-content\/uploads\/sites\/5\/2016\/02\/reparatur-bus-bestuhlung-hameln.png\" alt=\"Instandsetzung von Bestuhlungen, Teppichb\u00f6de, PVC in Bussen (Hameln)\" width=\"100\" height=\"100\" \/>Innenausstattung<br \/>\n<\/strong><\/p>\n<p style=\"text-align: center;\">Instandsetzung von Teppichb\u00f6den, PVC, Verkleidungen, Bestuhlungen sowie K\u00fcchen.<\/p>\n<p>[\/vc_column_text][\/vc_column][\/vc_row][vc_row][vc_column width=&#8221;1\/3&#8243;][vc_column_text css=&#8221;.vc_custom_1455542984522{border-top-width: 0px !important;border-right-width: 0px !important;border-bottom-width: 0px !important;border-left-width: 0px !important;padding-top: 5px !important;padding-right: 5px !important;padding-bottom: 5px !important;padding-left: 5px !important;border-left-color: #f2f2f2 !important;border-left-style: solid !important;border-right-color: #f2f2f2 !important;border-right-style: solid !important;border-top-color: #f2f2f2 !important;border-top-style: solid !important;border-bottom-color: #f2f2f2 !important;border-bottom-style: solid !important;}&#8221;]<\/p>\n<p style=\"text-align: center;\"><img loading=\"lazy\" decoding=\"async\" class=\"aligncenter wp-image-683 size-full\" src=\"https:\/\/www.truckxxgroup.de\/fahrzeugbau-schierling\/wp-content\/uploads\/sites\/5\/2016\/02\/scheibenservice-omnibusse-hameln.png\" alt=\"Scheibenservice f\u00fcr Reise- und Linienbusse\" width=\"100\" height=\"100\" \/><strong>Scheibenservice<br \/>\n<\/strong><\/p>\n<p style=\"text-align: center;\">Austausch defekter Windschutz- und Seitenscheiben an Bussen, Erneuerung von Dichtungen sowie Wartung von Fenstermechanik.<\/p>\n<p>[\/vc_column_text][\/vc_column][vc_column width=&#8221;1\/3&#8243;][vc_column_text css=&#8221;.vc_custom_1455543098209{border-top-width: 0px !important;border-right-width: 0px !important;border-bottom-width: 0px !important;border-left-width: 0px !important;padding-top: 5px !important;padding-right: 5px !important;padding-bottom: 5px !important;padding-left: 5px !important;border-left-color: #f2f2f2 !important;border-left-style: solid !important;border-right-color: #f2f2f2 !important;border-right-style: solid !important;border-top-color: #f2f2f2 !important;border-top-style: solid !important;border-bottom-color: #f2f2f2 !important;border-bottom-style: solid !important;}&#8221;]<\/p>\n<p style=\"text-align: center;\"><strong><img loading=\"lazy\" decoding=\"async\" class=\"aligncenter wp-image-684 size-full\" src=\"https:\/\/www.truckxxgroup.de\/fahrzeugbau-schierling\/wp-content\/uploads\/sites\/5\/2016\/02\/achsvermessung-rahmenvermessung-bus-und-lkw.png\" alt=\"Achs- und Rahmenvermessung f\u00fcr Bus Truck und Trailer in Hameln\" width=\"100\" height=\"100\" \/>Achs- &amp; Rahmenvermessung<br \/>\n<\/strong><\/p>\n<p style=\"text-align: center;\">Mit modernster Technik an Bus, Truck und Trailer vermessen wir Achsen und Rahmen direkt bei uns im Haus.<\/p>\n<p>[\/vc_column_text][\/vc_column][vc_column width=&#8221;1\/3&#8243;][\/vc_column][\/vc_row]<\/p>\n<\/div>","protected":false},"excerpt":{"rendered":"<p>[vc_row][vc_column][vc_column_text] Fahrzeugbau Schierling GmbH &#8211; Bus-Service vom Spezialisten Durch unsere 20-j\u00e4hrige Buserfahrung und hohe Flexibilit\u00e4t sind wir Ihr Ansprechpartner f\u00fcr eine schnelle L\u00f6sung von Problemen. Wir sind Vertragspartner der Marken MAN, NEOPLAN sowie Solaris und f\u00fchren auch Reparaturen sowie Wartungen an Omnibussen aller Fabrikate durch. [\/vc_column_text][vc_separator][\/vc_column][\/vc_row][vc_row][vc_column][vc_column_text css_animation=&#8221;left-to-right&#8221;] Bus-Service f\u00fcr alle Fabrikate [\/vc_column_text][\/vc_column][\/vc_row][vc_row][vc_column width=&#8221;2\/3&#8243;][vc_column_text]Die hohe Zuverl\u00e4ssigkeit&hellip;<\/p>\n","protected":false},"author":2,"featured_media":0,"parent":0,"menu_order":0,"comment_status":"closed","ping_status":"open","template":"","meta":{"footnotes":""},"class_list":["post-629","page","type-page","status-publish","hentry","description-off"],"_links":{"self":[{"href":"https:\/\/www.truckxxgroup.de\/fahrzeugbau-schierling\/wp-json\/wp\/v2\/pages\/629","targetHints":{"allow":["GET"]}}],"collection":[{"href":"https:\/\/www.truckxxgroup.de\/fahrzeugbau-schierling\/wp-json\/wp\/v2\/pages"}],"about":[{"href":"https:\/\/www.truckxxgroup.de\/fahrzeugbau-schierling\/wp-json\/wp\/v2\/types\/page"}],"author":[{"embeddable":true,"href":"https:\/\/www.truckxxgroup.de\/fahrzeugbau-schierling\/wp-json\/wp\/v2\/users\/2"}],"replies":[{"embeddable":true,"href":"https:\/\/www.truckxxgroup.de\/fahrzeugbau-schierling\/wp-json\/wp\/v2\/comments?post=629"}],"version-history":[{"count":46,"href":"https:\/\/www.truckxxgroup.de\/fahrzeugbau-schierling\/wp-json\/wp\/v2\/pages\/629\/revisions"}],"predecessor-version":[{"id":1075,"href":"https:\/\/www.truckxxgroup.de\/fahrzeugbau-schierling\/wp-json\/wp\/v2\/pages\/629\/revisions\/1075"}],"wp:attachment":[{"href":"https:\/\/www.truckxxgroup.de\/fahrzeugbau-schierling\/wp-json\/wp\/v2\/media?parent=629"}],"curies":[{"name":"wp","href":"https:\/\/api.w.org\/{rel}","templated":true}]}}