{"id":3707,"date":"2021-03-17T15:22:52","date_gmt":"2021-03-17T14:22:52","guid":{"rendered":"https:\/\/www.truckxxgroup.de\/fahrzeugbau-schierling\/?page_id=3707"},"modified":"2024-09-02T11:39:24","modified_gmt":"2024-09-02T09:39:24","slug":"wohnmobil-service","status":"publish","type":"page","link":"https:\/\/www.truckxxgroup.de\/fahrzeugbau-schierling\/wohnmobil-service\/","title":{"rendered":"Wohnmobil Service"},"content":{"rendered":"<div class=\"wpb-content-wrapper\"><p>[vc_row][vc_column width=&#8221;1\/2&#8243;][vc_column_text css=&#8221;&#8221;]<\/p>\n<h3>Die Werkstatt f\u00fcr ihr Wohnmobil \/ Caravan<\/h3>\n<p>Bei Fahrzeugbau Schierling in Hameln sind wir spezialisiert auf gro\u00dfe Fahrzeuge s\u00e4mtlicher Fabrikate: Auch ihr Wohnmobil \/ Caravan \/ Wohnwagen ist f\u00fcr Reparaturen s\u00e4mtlicher Art sowie Inspektionen oder Unfallinstandsetzung bestens bei uns aufgehoben.<\/p>\n<p>&nbsp;<\/p>\n<p><strong>Wir bieten Ihnen:<\/strong><\/p>\n<ul>\n<li>Instandsetzung jeglicher Art<\/li>\n<li>Fahrwerks- und Bremsen Service<\/li>\n<li>Motoren: Reparatur &amp; Service<\/li>\n<li>Umbauten an Wohnmobilen<\/li>\n<li>Bordelektrik und -elektronik<\/li>\n<li>Heizungs-, L\u00fcftungs- und Klimatechnik<\/li>\n<li>Unfallinstandsetzung<\/li>\n<li>Anbau von Zubeh\u00f6r wie Fahrradtr\u00e4ger<\/li>\n<li>Wartungsarbeiten<\/li>\n<\/ul>\n<p>&nbsp;<\/p>\n<p>Au\u00dferdem f\u00fchren wir nach Absprache <strong>Gaspr\u00fcfungen<\/strong> nach G 607\/DIN EN 1949 durch: Sowohl <strong>Neuabnahmen<\/strong> von Gasanlagen als auch <strong>Wiederholungspr\u00fcfung<\/strong> nach 24 Monaten.<\/p>\n<p><strong>Haupt- und Abgasuntersuchungen<\/strong> t\u00e4glich bei uns im Haus in der Otto-K\u00f6rting-Str. 2 in Hameln.<\/p>\n<p>Das Team von Fahrzeugbau Schierling freut sich darauf, Sie und ihr Wohnmobil begr\u00fc\u00dfen zu d\u00fcrfen![\/vc_column_text][\/vc_column][vc_column width=&#8221;1\/2&#8243;][vc_single_image image=&#8221;14426&#8243; img_size=&#8221;large&#8221; css=&#8221;&#8221;][\/vc_column][\/vc_row]<\/p>\n<\/div>","protected":false},"excerpt":{"rendered":"<p>[vc_row][vc_column width=&#8221;1\/2&#8243;][vc_column_text css=&#8221;&#8221;] Die Werkstatt f\u00fcr ihr Wohnmobil \/ Caravan Bei Fahrzeugbau Schierling in Hameln sind wir spezialisiert auf gro\u00dfe Fahrzeuge s\u00e4mtlicher Fabrikate: Auch ihr Wohnmobil \/ Caravan \/ Wohnwagen ist f\u00fcr Reparaturen s\u00e4mtlicher Art sowie Inspektionen oder Unfallinstandsetzung bestens bei uns aufgehoben. &nbsp; Wir bieten Ihnen: Instandsetzung jeglicher Art Fahrwerks- und Bremsen Service Motoren:&hellip;<\/p>\n","protected":false},"author":2,"featured_media":0,"parent":0,"menu_order":0,"comment_status":"closed","ping_status":"closed","template":"","meta":{"footnotes":""},"class_list":["post-3707","page","type-page","status-publish","hentry","description-off"],"_links":{"self":[{"href":"https:\/\/www.truckxxgroup.de\/fahrzeugbau-schierling\/wp-json\/wp\/v2\/pages\/3707","targetHints":{"allow":["GET"]}}],"collection":[{"href":"https:\/\/www.truckxxgroup.de\/fahrzeugbau-schierling\/wp-json\/wp\/v2\/pages"}],"about":[{"href":"https:\/\/www.truckxxgroup.de\/fahrzeugbau-schierling\/wp-json\/wp\/v2\/types\/page"}],"author":[{"embeddable":true,"href":"https:\/\/www.truckxxgroup.de\/fahrzeugbau-schierling\/wp-json\/wp\/v2\/users\/2"}],"replies":[{"embeddable":true,"href":"https:\/\/www.truckxxgroup.de\/fahrzeugbau-schierling\/wp-json\/wp\/v2\/comments?post=3707"}],"version-history":[{"count":8,"href":"https:\/\/www.truckxxgroup.de\/fahrzeugbau-schierling\/wp-json\/wp\/v2\/pages\/3707\/revisions"}],"predecessor-version":[{"id":14431,"href":"https:\/\/www.truckxxgroup.de\/fahrzeugbau-schierling\/wp-json\/wp\/v2\/pages\/3707\/revisions\/14431"}],"wp:attachment":[{"href":"https:\/\/www.truckxxgroup.de\/fahrzeugbau-schierling\/wp-json\/wp\/v2\/media?parent=3707"}],"curies":[{"name":"wp","href":"https:\/\/api.w.org\/{rel}","templated":true}]}}