{"id":20,"date":"2015-07-14T09:08:03","date_gmt":"2015-07-14T07:08:03","guid":{"rendered":"http:\/\/www.truckxgroup.detestwww\/fahrzeugbau-schierling\/?page_id=20"},"modified":"2023-10-20T10:39:48","modified_gmt":"2023-10-20T08:39:48","slug":"impressum","status":"publish","type":"page","link":"https:\/\/www.truckxxgroup.de\/fahrzeugbau-schierling\/impressum\/","title":{"rendered":"Impressum"},"content":{"rendered":"<h3>Impressum<\/h3>\n<p>&nbsp;<\/p>\n<p><strong>Fahrzeugbau Schierling GmbH<\/strong><br \/>\nOtto-K\u00f6rting-Stra\u00dfe 2<br \/>\nD-31789 Hameln<\/p>\n<p><strong>Vertretungsberechtigte Gesch\u00e4ftsf\u00fchrer<\/strong>: Vanessa Templin-Barsuhn, Martina Hobein<\/p>\n<p><strong>Telefon:<\/strong> +49 (0) 5151 5734 &#8211; 0<br \/>\n<strong>Fax:<\/strong> +49 (0) 5151 5734 &#8211; 34<br \/>\n<strong>eMail:<\/strong> info.hameln@truckxxgroup.de<\/p>\n<p><strong>Registergericht:<\/strong> Amtsgericht Hannover<br \/>\n<strong>Registernummer:<\/strong> HRB 100 154<br \/>\n<strong>Umsatzsteuer-Identifikationsnummer gem. \u00a7 27a UStG:<\/strong> DE 811 451 311<\/p>\n<p>Inhaltlich Verantwortlicher: Vanessa Templin-Barsuhn (Anschrift s.o.)<\/p>\n<p><strong>Haftungshinweis:<\/strong><br \/>\nF\u00fcr Verweise auf unseren Seiten m\u00f6chten wir ausdr\u00fccklich betonen, dass wir keinerlei Einfluss auf den Linktext, die Gestaltung, evtl. Verletzungen geltender Rechte, auch Marken- und Titelrechte und die Inhalte der gelinkten Seiten haben. Wir distanzieren uns ausdr\u00fccklich von den Linkformulierungen, sowie von allen Inhalten aller Seiten auf die wir Verweise gesetzt haben und machen uns ihre Inhalte nicht zu eigen. Diese Erkl\u00e4rung gilt f\u00fcr alle auf unserer Website angebrachten Links und f\u00fcr alle Inhalte der Seiten, zu denen die bei uns angemeldeten Banner oder Links f\u00fchren.<\/p>\n<p>Wir bem\u00fchen uns, m\u00f6glichst genaue und zuverl\u00e4ssige Informationen auf unseren Webseiten zu ver\u00f6ffentlichen. Wir k\u00f6nnen jedoch keinerlei Gew\u00e4hr f\u00fcr die Richtigkeit aller ver\u00f6ffentlichten Informationen leisten. Jegliche Haftung f\u00fcr den Fall von Irrt\u00fcmern oder Auslassungen auf unseren Webseiten wird ausgeschlossen.<\/p>\n<hr \/>\n<p><strong>Online-Plattform zur au\u00dfergerichtlichen Beilegung von verbraucherrechtlichen Streitigkeiten<\/strong><\/p>\n<p>Entsprechend der gesetzlichen Verpflichtung weisen wir darauf hin, dass die Europ\u00e4ische Union eine Online-Plattform zur au\u00dfergerichtlichen Beilegung von verbraucherrechtlichen Streitigkeiten (\u201eOSPlattform\u201c) eingerichtet hat: <a href=\"http:\/\/ec.europa.eu\/consumers\/odr\/\">http:\/\/ec.europa.eu\/consumers\/odr\/<\/a><br \/>\nWir nehmen jedoch nicht an Streitbeilegungsverfahren vor Verbraucherschlichtungsstellen teil.<\/p>\n","protected":false},"excerpt":{"rendered":"<p>Impressum &nbsp; Fahrzeugbau Schierling GmbH Otto-K\u00f6rting-Stra\u00dfe 2 D-31789 Hameln Vertretungsberechtigte Gesch\u00e4ftsf\u00fchrer: Vanessa Templin-Barsuhn, Martina Hobein Telefon: +49 (0) 5151 5734 &#8211; 0 Fax: +49 (0) 5151 5734 &#8211; 34 eMail: info.hameln@truckxxgroup.de Registergericht: Amtsgericht Hannover Registernummer: HRB 100 154 Umsatzsteuer-Identifikationsnummer gem. \u00a7 27a UStG: DE 811 451 311 Inhaltlich Verantwortlicher: Vanessa Templin-Barsuhn (Anschrift s.o.) Haftungshinweis: F\u00fcr&hellip;<\/p>\n","protected":false},"author":2,"featured_media":0,"parent":0,"menu_order":0,"comment_status":"closed","ping_status":"closed","template":"","meta":{"footnotes":""},"class_list":["post-20","page","type-page","status-publish","hentry","description-off"],"_links":{"self":[{"href":"https:\/\/www.truckxxgroup.de\/fahrzeugbau-schierling\/wp-json\/wp\/v2\/pages\/20","targetHints":{"allow":["GET"]}}],"collection":[{"href":"https:\/\/www.truckxxgroup.de\/fahrzeugbau-schierling\/wp-json\/wp\/v2\/pages"}],"about":[{"href":"https:\/\/www.truckxxgroup.de\/fahrzeugbau-schierling\/wp-json\/wp\/v2\/types\/page"}],"author":[{"embeddable":true,"href":"https:\/\/www.truckxxgroup.de\/fahrzeugbau-schierling\/wp-json\/wp\/v2\/users\/2"}],"replies":[{"embeddable":true,"href":"https:\/\/www.truckxxgroup.de\/fahrzeugbau-schierling\/wp-json\/wp\/v2\/comments?post=20"}],"version-history":[{"count":10,"href":"https:\/\/www.truckxxgroup.de\/fahrzeugbau-schierling\/wp-json\/wp\/v2\/pages\/20\/revisions"}],"predecessor-version":[{"id":7148,"href":"https:\/\/www.truckxxgroup.de\/fahrzeugbau-schierling\/wp-json\/wp\/v2\/pages\/20\/revisions\/7148"}],"wp:attachment":[{"href":"https:\/\/www.truckxxgroup.de\/fahrzeugbau-schierling\/wp-json\/wp\/v2\/media?parent=20"}],"curies":[{"name":"wp","href":"https:\/\/api.w.org\/{rel}","templated":true}]}}